{"id":984,"date":"2023-10-05T13:25:00","date_gmt":"2023-10-05T11:25:00","guid":{"rendered":"https:\/\/napoleon.wboelen.be\/?page_id=984"},"modified":"2025-03-05T23:54:17","modified_gmt":"2025-03-05T22:54:17","slug":"ben-weider-eng-fr","status":"publish","type":"page","link":"https:\/\/napoleon.wboelen.be\/index.php\/ben-weider-eng-fr\/","title":{"rendered":"Ben Weider (ENG\/FR)"},"content":{"rendered":"\n<p class=\"has-text-align-center\">Napoleon en diens aanhoudende zoektocht naar een blijvende vrede. [Engels]<\/p>\n\n\n\n<p class=\"has-text-align-center\"><strong><em>&lt;&lt; Napoleon, man of peace >><\/em><\/strong><\/p>\n\n\n\n<div data-wp-interactive=\"core\/file\" class=\"wp-block-file\"><object data-wp-bind--hidden=\"!state.hasPdfPreview\" hidden class=\"wp-block-file__embed\" data=\"https:\/\/napoleon.wboelen.be\/wp-content\/uploads\/2023\/10\/manofpeace.pdf\" type=\"application\/pdf\" style=\"width:100%;height:600px\" aria-label=\"Insluiting van manofpeace.\"><\/object><a id=\"wp-block-file--media-ff766097-e6f4-4b2d-8627-906d1f0f87d4\" href=\"https:\/\/napoleon.wboelen.be\/wp-content\/uploads\/2023\/10\/manofpeace.pdf\">manofpeace<\/a><a href=\"https:\/\/napoleon.wboelen.be\/wp-content\/uploads\/2023\/10\/manofpeace.pdf\" class=\"wp-block-file__button wp-element-button\" download aria-describedby=\"wp-block-file--media-ff766097-e6f4-4b2d-8627-906d1f0f87d4\">Downloaden<\/a><\/div>\n\n\n\n<p class=\"has-text-align-center\">Napoleon en diens aanhoudende zoektocht naar een blijvende vrede. [Frans]<\/p>\n\n\n\n<p class=\"has-text-align-center\"><em><strong>&lt;&lt; Napol\u00e9on, homme de paix >><\/strong><\/em><\/p>\n\n\n\n<div data-wp-interactive=\"core\/file\" class=\"wp-block-file\"><object data-wp-bind--hidden=\"!state.hasPdfPreview\" hidden class=\"wp-block-file__embed\" data=\"https:\/\/napoleon.wboelen.be\/wp-content\/uploads\/2023\/10\/Nap_paix.pdf\" type=\"application\/pdf\" style=\"width:100%;height:600px\" aria-label=\"Insluiting van Nap_paix.\"><\/object><a id=\"wp-block-file--media-32cda571-1684-4ac1-93f9-575d1811c0b3\" href=\"https:\/\/napoleon.wboelen.be\/wp-content\/uploads\/2023\/10\/Nap_paix.pdf\">Nap_paix<\/a><a href=\"https:\/\/napoleon.wboelen.be\/wp-content\/uploads\/2023\/10\/Nap_paix.pdf\" class=\"wp-block-file__button wp-element-button\" download aria-describedby=\"wp-block-file--media-32cda571-1684-4ac1-93f9-575d1811c0b3\">Downloaden<\/a><\/div>\n\n\n\n<p class=\"has-text-align-center\">Napoleon en de Joden. [Engels] Elders op de website, bij het boek &#8220;<em>Napoleon, een andere geschiedenis<\/em>&#8221; (2012), wordt ook ingegaan op dit onderwerp.<\/p>\n\n\n\n<p class=\"has-text-align-center\"><em><strong>&lt;&lt; Napoleon and the Jews >><\/strong><\/em><\/p>\n\n\n\n<div data-wp-interactive=\"core\/file\" class=\"wp-block-file\"><object data-wp-bind--hidden=\"!state.hasPdfPreview\" hidden class=\"wp-block-file__embed\" data=\"https:\/\/napoleon.wboelen.be\/wp-content\/uploads\/2023\/10\/napoleonandjews.pdf\" type=\"application\/pdf\" style=\"width:100%;height:600px\" aria-label=\"Insluiting van napoleonandjews.\"><\/object><a id=\"wp-block-file--media-44403bc2-5d7a-4618-b35d-145500e6b848\" href=\"https:\/\/napoleon.wboelen.be\/wp-content\/uploads\/2023\/10\/napoleonandjews.pdf\">napoleonandjews<\/a><a href=\"https:\/\/napoleon.wboelen.be\/wp-content\/uploads\/2023\/10\/napoleonandjews.pdf\" class=\"wp-block-file__button wp-element-button\" download aria-describedby=\"wp-block-file--media-44403bc2-5d7a-4618-b35d-145500e6b848\">Downloaden<\/a><\/div>\n\n\n\n<p class=\"has-text-align-center\">Napoleon en de Joden. [Frans] Elders op de website, bij het boek &#8220;<em>Napoleon, een andere geschiedenis<\/em>&#8221; (2012), wordt ook ingegaan op dit onderwerp.<\/p>\n\n\n\n<p class=\"has-text-align-center\"><em><strong>&lt;&lt; Napol\u00e9on et les Juifs >><\/strong><\/em><\/p>\n\n\n\n<div data-wp-interactive=\"core\/file\" class=\"wp-block-file\"><object data-wp-bind--hidden=\"!state.hasPdfPreview\" hidden class=\"wp-block-file__embed\" data=\"https:\/\/napoleon.wboelen.be\/wp-content\/uploads\/2023\/10\/NapoleonJuifs.pdf\" type=\"application\/pdf\" style=\"width:100%;height:590px\" aria-label=\"Insluiting van NapoleonJuifs.\"><\/object><a id=\"wp-block-file--media-85ae4a1a-cba0-40a7-aca0-1198292057c1\" href=\"https:\/\/napoleon.wboelen.be\/wp-content\/uploads\/2023\/10\/NapoleonJuifs.pdf\">NapoleonJuifs<\/a><a href=\"https:\/\/napoleon.wboelen.be\/wp-content\/uploads\/2023\/10\/NapoleonJuifs.pdf\" class=\"wp-block-file__button wp-element-button\" download aria-describedby=\"wp-block-file--media-85ae4a1a-cba0-40a7-aca0-1198292057c1\">Downloaden<\/a><\/div>\n\n\n\n<p class=\"has-text-align-center\">De vele verwezenlijkingen van Napoleon Bonaparte tijdens de periode in zijn leven als staatshoofd, Eerste Consul en Keizer, van Frankrijk. [Engels]<\/p>\n\n\n\n<p class=\"has-text-align-center\"><em><strong>&lt;&lt; Napoleon Bonaparte, First Consul and Emperor >><\/strong><\/em><\/p>\n\n\n\n<div data-wp-interactive=\"core\/file\" class=\"wp-block-file\"><object data-wp-bind--hidden=\"!state.hasPdfPreview\" hidden class=\"wp-block-file__embed\" data=\"https:\/\/napoleon.wboelen.be\/wp-content\/uploads\/2023\/10\/FirstConsul.pdf\" type=\"application\/pdf\" style=\"width:100%;height:600px\" aria-label=\"Insluiting van FirstConsul.\"><\/object><a id=\"wp-block-file--media-c6addeb1-c30e-4b97-99d9-3d80e9edf8e6\" href=\"https:\/\/napoleon.wboelen.be\/wp-content\/uploads\/2023\/10\/FirstConsul.pdf\">FirstConsul<\/a><a href=\"https:\/\/napoleon.wboelen.be\/wp-content\/uploads\/2023\/10\/FirstConsul.pdf\" class=\"wp-block-file__button wp-element-button\" download aria-describedby=\"wp-block-file--media-c6addeb1-c30e-4b97-99d9-3d80e9edf8e6\">Downloaden<\/a><\/div>\n\n\n\n<p class=\"has-text-align-center\">De vele verwezenlijkingen van Napoleon Bonaparte tijdens de periode in zijn leven als staatshoofd, Eerste Consul en Keizer, van Frankrijk. [Frans]<\/p>\n\n\n\n<p class=\"has-text-align-center\"><em><strong>&lt;&lt; Napol\u00e9on Bonaparte, Premier consul et Empereur >><\/strong><\/em><\/p>\n\n\n\n<div data-wp-interactive=\"core\/file\" class=\"wp-block-file\"><object data-wp-bind--hidden=\"!state.hasPdfPreview\" hidden class=\"wp-block-file__embed\" data=\"https:\/\/napoleon.wboelen.be\/wp-content\/uploads\/2023\/10\/NB_PremierConsul.pdf\" type=\"application\/pdf\" style=\"width:100%;height:600px\" aria-label=\"Insluiting van NB_PremierConsul.\"><\/object><a id=\"wp-block-file--media-609bdff3-fb9d-4911-8672-46633b53b66f\" href=\"https:\/\/napoleon.wboelen.be\/wp-content\/uploads\/2023\/10\/NB_PremierConsul.pdf\">NB_PremierConsul<\/a><a href=\"https:\/\/napoleon.wboelen.be\/wp-content\/uploads\/2023\/10\/NB_PremierConsul.pdf\" class=\"wp-block-file__button wp-element-button\" download aria-describedby=\"wp-block-file--media-609bdff3-fb9d-4911-8672-46633b53b66f\">Downloaden<\/a><\/div>\n\n\n\n<p class=\"has-text-align-center\">Pleidooi om bijvoorbeeld een &#8220;<em>Place<\/em>&#8221; of &#8220;<em>Esplanade<\/em>&#8221; in het hart van Parijs naar Napoleon (<em>Napol\u00e9on<\/em>) te vernoemen. [Engels]<\/p>\n\n\n\n<p class=\"has-text-align-center\"><em><strong>&lt;&lt; Napoleon and Paris >><\/strong><\/em><\/p>\n\n\n\n<div data-wp-interactive=\"core\/file\" class=\"wp-block-file\"><object data-wp-bind--hidden=\"!state.hasPdfPreview\" hidden class=\"wp-block-file__embed\" data=\"https:\/\/napoleon.wboelen.be\/wp-content\/uploads\/2023\/10\/napoleonandparis.pdf\" type=\"application\/pdf\" style=\"width:100%;height:600px\" aria-label=\"Insluiting van napoleonandparis.\"><\/object><a id=\"wp-block-file--media-400710fe-1ab9-4a81-acad-7894bbc6e2b2\" href=\"https:\/\/napoleon.wboelen.be\/wp-content\/uploads\/2023\/10\/napoleonandparis.pdf\">napoleonandparis<\/a><a href=\"https:\/\/napoleon.wboelen.be\/wp-content\/uploads\/2023\/10\/napoleonandparis.pdf\" class=\"wp-block-file__button wp-element-button\" download aria-describedby=\"wp-block-file--media-400710fe-1ab9-4a81-acad-7894bbc6e2b2\">Downloaden<\/a><\/div>\n\n\n\n<p class=\"has-text-align-center\">Een deel van deze lezingen door Ben Weider werden ook in het <strong>Russisch<\/strong> vertaald en gebundeld tot een boek:<\/p>\n\n\n\n<p class=\"has-text-align-center\"><a href=\"http:\/\/www.napoleonicsociety.com\/french\/zotovphilo.html\">http:\/\/www.napoleonicsociety.com\/french\/zotovphilo.html<\/a><\/p>\n\n\n\n<figure class=\"wp-block-image aligncenter size-full\"><img loading=\"lazy\" decoding=\"async\" width=\"335\" height=\"345\" src=\"https:\/\/napoleon.wboelen.be\/wp-content\/uploads\/2024\/10\/BenWeiderLezingen.png\" alt=\"\" class=\"wp-image-2116\" srcset=\"https:\/\/napoleon.wboelen.be\/wp-content\/uploads\/2024\/10\/BenWeiderLezingen.png 335w, https:\/\/napoleon.wboelen.be\/wp-content\/uploads\/2024\/10\/BenWeiderLezingen-291x300.png 291w\" sizes=\"auto, (max-width: 335px) 100vw, 335px\" \/><figcaption class=\"wp-element-caption\"><em>Ben Weider (1923-2008).<\/em><\/figcaption><\/figure>\n\n\n\n<p class=\"has-text-align-center\">Beknopte biografie (in de vorm van een Curriculum Vitae) van Ben Weider. [Engels]<\/p>\n\n\n\n<div data-wp-interactive=\"core\/file\" class=\"wp-block-file\"><object data-wp-bind--hidden=\"!state.hasPdfPreview\" hidden class=\"wp-block-file__embed\" data=\"https:\/\/napoleon.wboelen.be\/wp-content\/uploads\/2024\/10\/BenWeider_CV.pdf\" type=\"application\/pdf\" style=\"width:100%;height:600px\" aria-label=\"Insluiting van BenWeider_CV.\"><\/object><a id=\"wp-block-file--media-15fc8cbd-86c1-4452-b11a-0fb8265386cb\" href=\"https:\/\/napoleon.wboelen.be\/wp-content\/uploads\/2024\/10\/BenWeider_CV.pdf\">BenWeider_CV<\/a><a href=\"https:\/\/napoleon.wboelen.be\/wp-content\/uploads\/2024\/10\/BenWeider_CV.pdf\" class=\"wp-block-file__button wp-element-button\" download aria-describedby=\"wp-block-file--media-15fc8cbd-86c1-4452-b11a-0fb8265386cb\">Downloaden<\/a><\/div>\n\n\n\n<figure class=\"wp-block-image aligncenter size-full\"><img loading=\"lazy\" decoding=\"async\" width=\"490\" height=\"333\" src=\"https:\/\/napoleon.wboelen.be\/wp-content\/uploads\/2024\/10\/ben37m-1.jpg\" alt=\"\" class=\"wp-image-2120\" srcset=\"https:\/\/napoleon.wboelen.be\/wp-content\/uploads\/2024\/10\/ben37m-1.jpg 490w, https:\/\/napoleon.wboelen.be\/wp-content\/uploads\/2024\/10\/ben37m-1-300x204.jpg 300w\" sizes=\"auto, (max-width: 490px) 100vw, 490px\" \/><figcaption class=\"wp-element-caption\"><em>Ben Weider in juni 2004, te Normandi\u00eb, Frankrijk. Hij woonde de herdenking van D-Day (6 juni 1944) bij, toentertijd zestig jaar geleden. Hij ondernam de reis samen met zijn zoon Eric Weider.<\/em><sup data-fn=\"a5352e42-d3c9-4d9e-b4ab-9e4b58100655\" class=\"fn\"><a href=\"#a5352e42-d3c9-4d9e-b4ab-9e4b58100655\" id=\"a5352e42-d3c9-4d9e-b4ab-9e4b58100655-link\">1<\/a><\/sup><em> <\/em><\/figcaption><\/figure>\n\n\n\n<figure class=\"wp-block-image aligncenter size-full\"><img loading=\"lazy\" decoding=\"async\" width=\"1322\" height=\"1548\" src=\"https:\/\/napoleon.wboelen.be\/wp-content\/uploads\/2025\/03\/29.jpg\" alt=\"\" class=\"wp-image-2682\" srcset=\"https:\/\/napoleon.wboelen.be\/wp-content\/uploads\/2025\/03\/29.jpg 1322w, https:\/\/napoleon.wboelen.be\/wp-content\/uploads\/2025\/03\/29-256x300.jpg 256w, https:\/\/napoleon.wboelen.be\/wp-content\/uploads\/2025\/03\/29-875x1024.jpg 875w, https:\/\/napoleon.wboelen.be\/wp-content\/uploads\/2025\/03\/29-768x899.jpg 768w, https:\/\/napoleon.wboelen.be\/wp-content\/uploads\/2025\/03\/29-1312x1536.jpg 1312w\" sizes=\"auto, (max-width: 1322px) 100vw, 1322px\" \/><figcaption class=\"wp-element-caption\"><em>Napoleon Bonaparte te paard.<\/em><sup data-fn=\"c989d61c-13f1-4842-912b-f41e213c55fb\" class=\"fn\"><a href=\"#c989d61c-13f1-4842-912b-f41e213c55fb\" id=\"c989d61c-13f1-4842-912b-f41e213c55fb-link\">2<\/a><\/sup><\/figcaption><\/figure>\n\n\n\n<p><\/p>\n\n\n\n<p class=\"has-text-align-center\">*<\/p>\n\n\n<ol class=\"wp-block-footnotes\"><li id=\"a5352e42-d3c9-4d9e-b4ab-9e4b58100655\">Een verslag door Ben Weider van deze reis (<em>Pilgrimage\/P\u00e8lerinage<\/em>) kan men hier lezen: <a href=\"http:\/\/www.napoleonicsociety.com\/english\/d_day.htm\">http:\/\/www.napoleonicsociety.com\/english\/d_day.htm<\/a> (Engels) en <a href=\"http:\/\/www.napoleonicsociety.com\/french\/jour_j.htm\">http:\/\/www.napoleonicsociety.com\/french\/jour_j.htm<\/a> (Frans).  <a href=\"#a5352e42-d3c9-4d9e-b4ab-9e4b58100655-link\" aria-label=\"Ga naar voetnoot referentie 1\">\u21a9\ufe0e<\/a><\/li><li id=\"c989d61c-13f1-4842-912b-f41e213c55fb\">Napoleon en zijn <strong>paarden<\/strong>: &#8220;Wat Napoleons paarden betreft, deze waren van het Arabische ras. In tegenstelling tot de courante wijze van afbeelding, waren dit geen zuiver witte paarden. Hier volgt een lijst met de Franse namen van de vele paarden die ter beschikking van Napoleon hebben gestaan: <em>le Timide, le Conqu\u00e9rant, le Russe, L\u2019Estim\u00e9, le Coceyre, l\u2019Artaxerce, l\u2019Aly, le Bouffon, le Vizir, le Gisors, le Lowka, le Favori, le Harbet, le N\u00e9ron, le Wagram, le Calvados, le Tamerland, l\u2019Hippogriffe, le Curde, le Labrador, le Cyrus, le Cid, le Cordoue, le Sara, la Sagonte, l\u2019Epicurien, l\u2019Intendant, l\u2019Embelli, le Gessner, le Br\u00e9ant, le Wurtzbourg, Maria, Austerlitz, Ali, Jaffa, Nicole, le Familier, le Triomphant, l\u2019Aboukir, le Major, le Cheik, le Sahara, le Distingu\u00e9, D\u00e9sir\u00e9e, le Coquet, le Moscou, le Gonzalvon, le Friedland, l\u2019Emir, l\u2019Embelli, le Cid, le Bavarois, le Courtois, le Curde, le Pimpant, la Varsovie, le Roitelet, le Montevideo, le Tauris, le Turcoman, le Lutzelger, la L\u00e9onore, le Vineux, la Linotte<\/em>. (Deze informatie is afkomstig uit \u2018Napoleon au Bivouac\u2019, voortreffelijk geschreven door de Belg <strong>Th\u00e9o Fleischman<\/strong>. Fleischman heeft er onder meer ook voor gezorgd dat de \u2018Caillou\u2019 boerderij beschermd werd, dit was Napoleons laatste hoofdkwartier, in de streek bij Waterloo.)&#8221; Dit citaat komt uit het boek &#8220;Napoleon, een andere geschiedenis&#8221;, <a href=\"https:\/\/napoleon.wboelen.be\/index.php\/een-andere-geschiedenis\/\">https:\/\/napoleon.wboelen.be\/index.php\/een-andere-geschiedenis\/<\/a>. Voor Th\u00e9o Fleischman, zie <a href=\"https:\/\/napoleon.wboelen.be\/index.php\/enkele-historici-en-schrijvers-nederlandstalig\/\">https:\/\/napoleon.wboelen.be\/index.php\/enkele-historici-en-schrijvers-nederlandstalig\/<\/a>.  <a href=\"#c989d61c-13f1-4842-912b-f41e213c55fb-link\" aria-label=\"Ga naar voetnoot referentie 2\">\u21a9\ufe0e<\/a><\/li><\/ol>\n\n\n<p><\/p>\n","protected":false},"excerpt":{"rendered":"<p>Napoleon en diens aanhoudende zoektocht naar een blijvende vrede. [Engels] &lt;&lt; Napoleon, man of peace >> Napoleon en diens aanhoudende zoektocht naar een blijvende vrede. [Frans] &lt;&lt; Napol\u00e9on, homme de paix >> Napoleon en de Joden. [Engels] Elders op de website, bij het boek &#8220;Napoleon, een andere geschiedenis&#8221; (2012), wordt ook ingegaan op dit onderwerp. &hellip;<\/p>\n<p class=\"read-more\"> <a class=\"\" href=\"https:\/\/napoleon.wboelen.be\/index.php\/ben-weider-eng-fr\/\"> <span class=\"screen-reader-text\">Ben Weider (ENG\/FR)<\/span> Lees meer &raquo;<\/a><\/p>\n","protected":false},"author":2,"featured_media":0,"parent":0,"menu_order":0,"comment_status":"closed","ping_status":"closed","template":"","meta":{"site-sidebar-layout":"default","site-content-layout":"","ast-site-content-layout":"","site-content-style":"default","site-sidebar-style":"default","ast-global-header-display":"","ast-banner-title-visibility":"","ast-main-header-display":"","ast-hfb-above-header-display":"","ast-hfb-below-header-display":"","ast-hfb-mobile-header-display":"","site-post-title":"","ast-breadcrumbs-content":"","ast-featured-img":"","footer-sml-layout":"","theme-transparent-header-meta":"","adv-header-id-meta":"","stick-header-meta":"","header-above-stick-meta":"","header-main-stick-meta":"","header-below-stick-meta":"","astra-migrate-meta-layouts":"","footnotes":"[{\"content\":\"Een verslag door Ben Weider van deze reis (<em>Pilgrimage\/P\u00e8lerinage<\/em>) kan men hier lezen: <a href=\\\"http:\/\/www.napoleonicsociety.com\/english\/d_day.htm\\\">http:\/\/www.napoleonicsociety.com\/english\/d_day.htm<\/a> (Engels) en <a href=\\\"http:\/\/www.napoleonicsociety.com\/french\/jour_j.htm\\\">http:\/\/www.napoleonicsociety.com\/french\/jour_j.htm<\/a> (Frans). \",\"id\":\"a5352e42-d3c9-4d9e-b4ab-9e4b58100655\"},{\"content\":\"Napoleon en zijn <strong>paarden<\/strong>: \\\"Wat Napoleons paarden betreft, deze waren van het Arabische ras. In tegenstelling tot de courante wijze van afbeelding, waren dit geen zuiver witte paarden. Hier volgt een lijst met de Franse namen van de vele paarden die ter beschikking van Napoleon hebben gestaan: <em>le Timide, le Conqu\u00e9rant, le Russe, L\u2019Estim\u00e9, le Coceyre, l\u2019Artaxerce, l\u2019Aly, le Bouffon, le Vizir, le Gisors, le Lowka, le Favori, le Harbet, le N\u00e9ron, le Wagram, le Calvados, le Tamerland, l\u2019Hippogriffe, le Curde, le Labrador, le Cyrus, le Cid, le Cordoue, le Sara, la Sagonte, l\u2019Epicurien, l\u2019Intendant, l\u2019Embelli, le Gessner, le Br\u00e9ant, le Wurtzbourg, Maria, Austerlitz, Ali, Jaffa, Nicole, le Familier, le Triomphant, l\u2019Aboukir, le Major, le Cheik, le Sahara, le Distingu\u00e9, D\u00e9sir\u00e9e, le Coquet, le Moscou, le Gonzalvon, le Friedland, l\u2019Emir, l\u2019Embelli, le Cid, le Bavarois, le Courtois, le Curde, le Pimpant, la Varsovie, le Roitelet, le Montevideo, le Tauris, le Turcoman, le Lutzelger, la L\u00e9onore, le Vineux, la Linotte<\/em>. (Deze informatie is afkomstig uit \u2018Napoleon au Bivouac\u2019, voortreffelijk geschreven door de Belg <strong>Th\u00e9o Fleischman<\/strong>. Fleischman heeft er onder meer ook voor gezorgd dat de \u2018Caillou\u2019 boerderij beschermd werd, dit was Napoleons laatste hoofdkwartier, in de streek bij Waterloo.)\\\" Dit citaat komt uit het boek \\\"Napoleon, een andere geschiedenis\\\", <a href=\\\"https:\/\/napoleon.wboelen.be\/index.php\/een-andere-geschiedenis\/\\\">https:\/\/napoleon.wboelen.be\/index.php\/een-andere-geschiedenis\/<\/a>. Voor Th\u00e9o Fleischman, zie <a href=\\\"https:\/\/napoleon.wboelen.be\/index.php\/enkele-historici-en-schrijvers-nederlandstalig\/\\\">https:\/\/napoleon.wboelen.be\/index.php\/enkele-historici-en-schrijvers-nederlandstalig\/<\/a>. \",\"id\":\"c989d61c-13f1-4842-912b-f41e213c55fb\"}]"},"class_list":["post-984","page","type-page","status-publish","hentry"],"_links":{"self":[{"href":"https:\/\/napoleon.wboelen.be\/index.php\/wp-json\/wp\/v2\/pages\/984","targetHints":{"allow":["GET"]}}],"collection":[{"href":"https:\/\/napoleon.wboelen.be\/index.php\/wp-json\/wp\/v2\/pages"}],"about":[{"href":"https:\/\/napoleon.wboelen.be\/index.php\/wp-json\/wp\/v2\/types\/page"}],"author":[{"embeddable":true,"href":"https:\/\/napoleon.wboelen.be\/index.php\/wp-json\/wp\/v2\/users\/2"}],"replies":[{"embeddable":true,"href":"https:\/\/napoleon.wboelen.be\/index.php\/wp-json\/wp\/v2\/comments?post=984"}],"version-history":[{"count":17,"href":"https:\/\/napoleon.wboelen.be\/index.php\/wp-json\/wp\/v2\/pages\/984\/revisions"}],"predecessor-version":[{"id":2706,"href":"https:\/\/napoleon.wboelen.be\/index.php\/wp-json\/wp\/v2\/pages\/984\/revisions\/2706"}],"wp:attachment":[{"href":"https:\/\/napoleon.wboelen.be\/index.php\/wp-json\/wp\/v2\/media?parent=984"}],"curies":[{"name":"wp","href":"https:\/\/api.w.org\/{rel}","templated":true}]}}