{"id":378,"date":"2023-08-27T22:04:49","date_gmt":"2023-08-27T20:04:49","guid":{"rendered":"https:\/\/napoleon.wboelen.be\/?page_id=378"},"modified":"2025-04-19T15:04:41","modified_gmt":"2025-04-19T13:04:41","slug":"john-tarttelin","status":"publish","type":"page","link":"https:\/\/napoleon.wboelen.be\/index.php\/john-tarttelin\/","title":{"rendered":"John Tarttelin (ENG)"},"content":{"rendered":"\n<p class=\"has-text-align-center\"><strong>Chapter Six, <em>&lt;&lt;British atrocities>><\/em>. Hoofdstuk uit het boek &#8211; in voorbereiding &#8211; &lt;&lt;<em>England&#8217;s wars against Napoleon<\/em>>>. [2025]<\/strong><\/p>\n\n\n\n<div data-wp-interactive=\"core\/file\" class=\"wp-block-file\"><object data-wp-bind--hidden=\"!state.hasPdfPreview\" hidden class=\"wp-block-file__embed\" data=\"https:\/\/napoleon.wboelen.be\/wp-content\/uploads\/2025\/04\/CHAPTER-SIX-BRITISH-ATROCITIES-April-17th-2025-Thursday.pdf\" type=\"application\/pdf\" style=\"width:100%;height:600px\" aria-label=\"Insluiting van CHAPTER SIX BRITISH ATROCITIES April 17th 2025 Thursday.\"><\/object><a id=\"wp-block-file--media-a68a9b8a-fe4c-462e-abcd-049a49fa7c14\" href=\"https:\/\/napoleon.wboelen.be\/wp-content\/uploads\/2025\/04\/CHAPTER-SIX-BRITISH-ATROCITIES-April-17th-2025-Thursday.pdf\">CHAPTER SIX BRITISH ATROCITIES April 17th 2025 Thursday<\/a><a href=\"https:\/\/napoleon.wboelen.be\/wp-content\/uploads\/2025\/04\/CHAPTER-SIX-BRITISH-ATROCITIES-April-17th-2025-Thursday.pdf\" class=\"wp-block-file__button wp-element-button\" download aria-describedby=\"wp-block-file--media-a68a9b8a-fe4c-462e-abcd-049a49fa7c14\">Downloaden<\/a><\/div>\n\n\n\n<p class=\"has-text-align-center\"><strong>Voorproef van een hoofdstuk in het toekomstige boek <em>England&#8217;s Wars Against Napoleon<\/em>. Dit deel handelt over privilege in de Britse (standen\/klassen)samenleving aan het einde van de 18de en het begin van de 19de eeuw.<\/strong> <strong>[2022]<\/strong><\/p>\n\n\n\n<div data-wp-interactive=\"core\/file\" class=\"wp-block-file\"><object data-wp-bind--hidden=\"!state.hasPdfPreview\" hidden class=\"wp-block-file__embed\" data=\"https:\/\/napoleon.wboelen.be\/wp-content\/uploads\/2023\/08\/PRIVILEGE-ARTICLE-Sept-1st-2022-copy-2.pdf\" type=\"application\/pdf\" style=\"width:100%;height:600px\" aria-label=\"Insluiting van PRIVILEGE-ARTICLE-Sept-1st-2022-copy-2.\"><\/object><a id=\"wp-block-file--media-068f62c9-0305-4a6a-8eda-eb269eb0f0f7\" href=\"https:\/\/napoleon.wboelen.be\/wp-content\/uploads\/2023\/08\/PRIVILEGE-ARTICLE-Sept-1st-2022-copy-2.pdf\">PRIVILEGE-ARTICLE-Sept-1st-2022-copy-2<\/a><a href=\"https:\/\/napoleon.wboelen.be\/wp-content\/uploads\/2023\/08\/PRIVILEGE-ARTICLE-Sept-1st-2022-copy-2.pdf\" class=\"wp-block-file__button wp-element-button\" download aria-describedby=\"wp-block-file--media-068f62c9-0305-4a6a-8eda-eb269eb0f0f7\">Downloaden<\/a><\/div>\n\n\n\n<p class=\"has-text-align-center\"><strong>Kanttekeningen bij het boek: BLACK J., <em>The battle of Waterloo<\/em>, Random House, 2010, 256p. [2018]<\/strong><\/p>\n\n\n\n<div data-wp-interactive=\"core\/file\" class=\"wp-block-file\"><object data-wp-bind--hidden=\"!state.hasPdfPreview\" hidden class=\"wp-block-file__embed\" data=\"https:\/\/napoleon.wboelen.be\/wp-content\/uploads\/2023\/08\/WaterlooJB2018.pdf\" type=\"application\/pdf\" style=\"width:100%;height:600px\" aria-label=\"Insluiting van WaterlooJB2018.\"><\/object><a id=\"wp-block-file--media-307e6c98-5ae4-42f8-9ae8-34651db36a2b\" href=\"https:\/\/napoleon.wboelen.be\/wp-content\/uploads\/2023\/08\/WaterlooJB2018.pdf\">WaterlooJB2018<\/a><a href=\"https:\/\/napoleon.wboelen.be\/wp-content\/uploads\/2023\/08\/WaterlooJB2018.pdf\" class=\"wp-block-file__button wp-element-button\" download aria-describedby=\"wp-block-file--media-307e6c98-5ae4-42f8-9ae8-34651db36a2b\">Downloaden<\/a><\/div>\n\n\n\n<p class=\"has-text-align-center\"><strong>Opmerkingen bij een artikel in de Britse krant <em>The Times<\/em> (<a href=\"https:\/\/www.thetimes.co.uk\/\">https:\/\/www.thetimes.co.uk\/<\/a>) naar aanleiding van de herdenking van de slag bij Waterloo (exact twee eeuwen later), in juni 2015.<\/strong><\/p>\n\n\n\n<div data-wp-interactive=\"core\/file\" class=\"wp-block-file\"><object data-wp-bind--hidden=\"!state.hasPdfPreview\" hidden class=\"wp-block-file__embed\" data=\"https:\/\/napoleon.wboelen.be\/wp-content\/uploads\/2023\/08\/PoxBritannicaJuni2015.pdf\" type=\"application\/pdf\" style=\"width:100%;height:600px\" aria-label=\"Insluiting van PoxBritannicaJuni2015.\"><\/object><a id=\"wp-block-file--media-cc7d53ed-d8db-48c7-b82f-603cc23ac4ef\" href=\"https:\/\/napoleon.wboelen.be\/wp-content\/uploads\/2023\/08\/PoxBritannicaJuni2015.pdf\">PoxBritannicaJuni2015<\/a><a href=\"https:\/\/napoleon.wboelen.be\/wp-content\/uploads\/2023\/08\/PoxBritannicaJuni2015.pdf\" class=\"wp-block-file__button wp-element-button\" download aria-describedby=\"wp-block-file--media-cc7d53ed-d8db-48c7-b82f-603cc23ac4ef\">Downloaden<\/a><\/div>\n\n\n\n<p class=\"has-text-align-center\"><strong>Vragen bij een uiteenzetting door de Britse geschiedkundige Dan Snow in de Britse krant <em>The Daily Telegraph<\/em> (<a href=\"https:\/\/www.telegraph.co.uk\/\">https:\/\/www.telegraph.co.uk\/<\/a>). [2015]<\/strong><\/p>\n\n\n\n<div data-wp-interactive=\"core\/file\" class=\"wp-block-file\"><object data-wp-bind--hidden=\"!state.hasPdfPreview\" hidden class=\"wp-block-file__embed\" data=\"https:\/\/napoleon.wboelen.be\/wp-content\/uploads\/2023\/08\/NapoleonArticleDailyTelegraphDS.pdf\" type=\"application\/pdf\" style=\"width:100%;height:600px\" aria-label=\"Insluiting van NapoleonArticleDailyTelegraphDS.\"><\/object><a id=\"wp-block-file--media-8ecdf56c-d5d8-4a74-af9b-210de7b17611\" href=\"https:\/\/napoleon.wboelen.be\/wp-content\/uploads\/2023\/08\/NapoleonArticleDailyTelegraphDS.pdf\">NapoleonArticleDailyTelegraphDS<\/a><a href=\"https:\/\/napoleon.wboelen.be\/wp-content\/uploads\/2023\/08\/NapoleonArticleDailyTelegraphDS.pdf\" class=\"wp-block-file__button wp-element-button\" download aria-describedby=\"wp-block-file--media-8ecdf56c-d5d8-4a74-af9b-210de7b17611\">Downloaden<\/a><\/div>\n\n\n\n<p class=\"has-text-align-center\"><strong>Korte verhandeling over de Brit George Home, lid van de <em>Royal Navy<\/em> en werkzaam aan boord van de <em>Bellerophon<\/em> toen dit schip Napoleon vanuit Frankrijk overbracht naar de Britse\/Engelse kust. In afwachting van Napoleons overbrenging (deportatie?) naar het eiland Sint-Helena later dat jaar (1815).(<a href=\"https:\/\/books.google.be\/books?id=NNcPAAAAYAAJ&amp;printsec=frontcover&amp;hl=nl&amp;source=gbs_ge_summary_r&amp;cad=0#v=onepage&amp;q&amp;f=false\"><sup><sub>https:\/\/books.google.be\/books?id=NNcPAAAAYAAJ&amp;printsec=frontcover&amp;hl=nl&amp;source=gbs_ge_summary_r&amp;cad=0#v=onepage&amp;q&amp;f=false<\/sub><\/sup><\/a>, boek door George Home)<\/strong> <strong>[2014]<\/strong><\/p>\n\n\n\n<div data-wp-interactive=\"core\/file\" class=\"wp-block-file\"><object data-wp-bind--hidden=\"!state.hasPdfPreview\" hidden class=\"wp-block-file__embed\" data=\"https:\/\/napoleon.wboelen.be\/wp-content\/uploads\/2023\/08\/HomeTruthsNapoleon.pdf\" type=\"application\/pdf\" style=\"width:100%;height:600px\" aria-label=\"Insluiting van HomeTruthsNapoleon.\"><\/object><a id=\"wp-block-file--media-726e12a7-64d7-4596-ab9c-996ce8080834\" href=\"https:\/\/napoleon.wboelen.be\/wp-content\/uploads\/2023\/08\/HomeTruthsNapoleon.pdf\">HomeTruthsNapoleon<\/a><a href=\"https:\/\/napoleon.wboelen.be\/wp-content\/uploads\/2023\/08\/HomeTruthsNapoleon.pdf\" class=\"wp-block-file__button wp-element-button\" download aria-describedby=\"wp-block-file--media-726e12a7-64d7-4596-ab9c-996ce8080834\">Downloaden<\/a><\/div>\n\n\n\n<p class=\"has-text-align-center\"><strong>Verslag<\/strong><sup data-fn=\"d4bfe37c-58f4-4ac9-8b43-faeb8c3e1091\" class=\"fn\"><a href=\"#d4bfe37c-58f4-4ac9-8b43-faeb8c3e1091\" id=\"d4bfe37c-58f4-4ac9-8b43-faeb8c3e1091-link\">1<\/a><\/sup><strong> van een bezoek aan het <em>Bowes Museum<\/em> in Barnard Castle (Noord-Engeland, Verenigd Koninkrijk), met bijzondere aandacht voor de Napoleontische stukken uit de collectie (<a href=\"https:\/\/thebowesmuseum.org.uk\/\">https:\/\/thebowesmuseum.org.uk\/<\/a>). [2012]<\/strong><\/p>\n\n\n\n<div data-wp-interactive=\"core\/file\" class=\"wp-block-file\"><object data-wp-bind--hidden=\"!state.hasPdfPreview\" hidden class=\"wp-block-file__embed\" data=\"https:\/\/napoleon.wboelen.be\/wp-content\/uploads\/2023\/08\/Napoleon-at-the-Bowes-museum-copy.pdf\" type=\"application\/pdf\" style=\"width:100%;height:600px\" aria-label=\"Insluiting van Napoleon-at-the-Bowes-museum-copy.\"><\/object><a id=\"wp-block-file--media-c14acdac-879c-492b-99f8-9a8c0b86fa9d\" href=\"https:\/\/napoleon.wboelen.be\/wp-content\/uploads\/2023\/08\/Napoleon-at-the-Bowes-museum-copy.pdf\">Napoleon-at-the-Bowes-museum-copy<\/a><a href=\"https:\/\/napoleon.wboelen.be\/wp-content\/uploads\/2023\/08\/Napoleon-at-the-Bowes-museum-copy.pdf\" class=\"wp-block-file__button wp-element-button\" download aria-describedby=\"wp-block-file--media-c14acdac-879c-492b-99f8-9a8c0b86fa9d\">Downloaden<\/a><\/div>\n\n\n\n<p class=\"has-text-align-center\">*<\/p>\n\n\n\n<figure class=\"wp-block-image aligncenter size-full\"><img loading=\"lazy\" decoding=\"async\" width=\"428\" height=\"672\" src=\"https:\/\/napoleon.wboelen.be\/wp-content\/uploads\/2025\/03\/tartte21.jpg\" alt=\"\" class=\"wp-image-2764\" srcset=\"https:\/\/napoleon.wboelen.be\/wp-content\/uploads\/2025\/03\/tartte21.jpg 428w, https:\/\/napoleon.wboelen.be\/wp-content\/uploads\/2025\/03\/tartte21-191x300.jpg 191w\" sizes=\"auto, (max-width: 428px) 100vw, 428px\" \/><figcaption class=\"wp-element-caption\"><em>Generaal Bonaparte als opperbevelhebber van de Franse strijdkrachten tijdens de Egyptische Campagne (1798-1799&amp;1799-1801). Een schilderij van de kunstenaar Jean-L\u00e9on G\u00e9r\u00f4me (1824-1904).<\/em><\/figcaption><\/figure>\n\n\n\n<p><\/p>\n\n\n\n<p class=\"has-text-align-center\">*<\/p>\n\n\n<ol class=\"wp-block-footnotes\"><li id=\"d4bfe37c-58f4-4ac9-8b43-faeb8c3e1091\">Men kan deze tekst ook op de website van de International Napoleonic Society \/ Soci\u00e9t\u00e9 Napol\u00e9onienne Internationale terugvinden: <a href=\"http:\/\/www.napoleonicsociety.com\/english\/tarttelin20.htm\">http:\/\/www.napoleonicsociety.com\/english\/tarttelin20.htm<\/a> (<em>Napoleon at the Bowes museum, art treasures from northern England<\/em>, 2010). <a href=\"#d4bfe37c-58f4-4ac9-8b43-faeb8c3e1091-link\" aria-label=\"Ga naar voetnoot referentie 1\">\u21a9\ufe0e<\/a><\/li><\/ol>\n\n\n<p><\/p>\n","protected":false},"excerpt":{"rendered":"<p>Chapter Six, &lt;&lt;British atrocities>>. Hoofdstuk uit het boek &#8211; in voorbereiding &#8211; &lt;&lt;England&#8217;s wars against Napoleon>>. [2025] Voorproef van een hoofdstuk in het toekomstige boek England&#8217;s Wars Against Napoleon. Dit deel handelt over privilege in de Britse (standen\/klassen)samenleving aan het einde van de 18de en het begin van de 19de eeuw. [2022] Kanttekeningen bij het &hellip;<\/p>\n<p class=\"read-more\"> <a class=\"\" href=\"https:\/\/napoleon.wboelen.be\/index.php\/john-tarttelin\/\"> <span class=\"screen-reader-text\">John Tarttelin (ENG)<\/span> Lees meer &raquo;<\/a><\/p>\n","protected":false},"author":2,"featured_media":0,"parent":0,"menu_order":0,"comment_status":"closed","ping_status":"closed","template":"","meta":{"site-sidebar-layout":"default","site-content-layout":"","ast-site-content-layout":"","site-content-style":"default","site-sidebar-style":"default","ast-global-header-display":"","ast-banner-title-visibility":"","ast-main-header-display":"","ast-hfb-above-header-display":"","ast-hfb-below-header-display":"","ast-hfb-mobile-header-display":"","site-post-title":"","ast-breadcrumbs-content":"","ast-featured-img":"","footer-sml-layout":"","theme-transparent-header-meta":"","adv-header-id-meta":"","stick-header-meta":"","header-above-stick-meta":"","header-main-stick-meta":"","header-below-stick-meta":"","astra-migrate-meta-layouts":"","footnotes":"[{\"content\":\"Men kan deze tekst ook op de website van de International Napoleonic Society \/ Soci\u00e9t\u00e9 Napol\u00e9onienne Internationale terugvinden: <a href=\\\"http:\/\/www.napoleonicsociety.com\/english\/tarttelin20.htm\\\">http:\/\/www.napoleonicsociety.com\/english\/tarttelin20.htm<\/a> (<em>Napoleon at the Bowes museum, art treasures from northern England<\/em>, 2010).\",\"id\":\"d4bfe37c-58f4-4ac9-8b43-faeb8c3e1091\"}]"},"class_list":["post-378","page","type-page","status-publish","hentry"],"_links":{"self":[{"href":"https:\/\/napoleon.wboelen.be\/index.php\/wp-json\/wp\/v2\/pages\/378","targetHints":{"allow":["GET"]}}],"collection":[{"href":"https:\/\/napoleon.wboelen.be\/index.php\/wp-json\/wp\/v2\/pages"}],"about":[{"href":"https:\/\/napoleon.wboelen.be\/index.php\/wp-json\/wp\/v2\/types\/page"}],"author":[{"embeddable":true,"href":"https:\/\/napoleon.wboelen.be\/index.php\/wp-json\/wp\/v2\/users\/2"}],"replies":[{"embeddable":true,"href":"https:\/\/napoleon.wboelen.be\/index.php\/wp-json\/wp\/v2\/comments?post=378"}],"version-history":[{"count":50,"href":"https:\/\/napoleon.wboelen.be\/index.php\/wp-json\/wp\/v2\/pages\/378\/revisions"}],"predecessor-version":[{"id":3418,"href":"https:\/\/napoleon.wboelen.be\/index.php\/wp-json\/wp\/v2\/pages\/378\/revisions\/3418"}],"wp:attachment":[{"href":"https:\/\/napoleon.wboelen.be\/index.php\/wp-json\/wp\/v2\/media?parent=378"}],"curies":[{"name":"wp","href":"https:\/\/api.w.org\/{rel}","templated":true}]}}