{"id":2057,"date":"2024-10-10T01:58:42","date_gmt":"2024-10-09T23:58:42","guid":{"rendered":"https:\/\/napoleon.wboelen.be\/?page_id=2057"},"modified":"2025-04-21T19:34:32","modified_gmt":"2025-04-21T17:34:32","slug":"auteurs-boeken-suggesties","status":"publish","type":"page","link":"https:\/\/napoleon.wboelen.be\/index.php\/auteurs-boeken-suggesties\/","title":{"rendered":"Auteurs &amp; boeken, suggesties"},"content":{"rendered":"\n<figure class=\"wp-block-image aligncenter size-full\"><img loading=\"lazy\" decoding=\"async\" width=\"190\" height=\"229\" src=\"https:\/\/napoleon.wboelen.be\/wp-content\/uploads\/2025\/03\/NBGerard.png\" alt=\"\" class=\"wp-image-2660\"\/><figcaption class=\"wp-element-caption\"><em>Eerste Consul Bonaparte, 1799\/1800-1804. Dit schilderij dateert uit 1803 en is het werk van de kunstenaar Fran\u00e7ois G\u00e9rard (1770-1837). Meer informatie: <a href=\"https:\/\/www.musee-conde.fr\/fr\/notice\/pe-425-portrait-de-bonaparte-premier-consul-5a86629b-eaf0-47ac-80ba-6098d95a1a21\">https:\/\/www.musee-conde.fr\/fr\/notice\/pe-425-portrait-de-bonaparte-premier-consul-5a86629b-eaf0-47ac-80ba-6098d95a1a21<\/a><\/em>.<\/figcaption><\/figure>\n\n\n\n<p class=\"has-text-align-center\">*<\/p>\n\n\n\n<p>De volgende <strong>literatuurlijst<\/strong> bevat een overzicht van de boeken &#8211; over het Napoleontische tijdperk &#8211; die sterk aangeraden worden door <em>Jean-Claude Damamme, Bert de Jong, Michel Franceschi, John Tarttelin en Tim Van Dyck<\/em>. Ook alle boeken die door de International Napoleonic Society (INS) \/ Soci\u00e9t\u00e9 Napol\u00e9onienne Internationale (SNI) werden onderscheiden, zijn in de lijst opgenomen. Eveneens de werken van schrijvers die van de INS\/SNI een bijzondere erkenning kregen, worden vermeld. De lijst zal nog gewijzigd worden.<sup data-fn=\"57bed362-ae8c-42ae-8c04-c49e2cc2903d\" class=\"fn\"><a href=\"#57bed362-ae8c-42ae-8c04-c49e2cc2903d\" id=\"57bed362-ae8c-42ae-8c04-c49e2cc2903d-link\">1<\/a><\/sup><\/p>\n\n\n\n<div data-wp-interactive=\"core\/file\" class=\"wp-block-file\"><object data-wp-bind--hidden=\"!state.hasPdfPreview\" hidden class=\"wp-block-file__embed\" data=\"https:\/\/napoleon.wboelen.be\/wp-content\/uploads\/2025\/02\/LiteratuurlijstINS01.pdf\" type=\"application\/pdf\" style=\"width:100%;height:600px\" aria-label=\"Insluiting van LiteratuurlijstINS01.\"><\/object><a id=\"wp-block-file--media-e5faa43e-18fc-48ba-8839-dbec4941eecd\" href=\"https:\/\/napoleon.wboelen.be\/wp-content\/uploads\/2025\/02\/LiteratuurlijstINS01.pdf\">LiteratuurlijstINS01<\/a><a href=\"https:\/\/napoleon.wboelen.be\/wp-content\/uploads\/2025\/02\/LiteratuurlijstINS01.pdf\" class=\"wp-block-file__button wp-element-button\" download aria-describedby=\"wp-block-file--media-e5faa43e-18fc-48ba-8839-dbec4941eecd\">Downloaden<\/a><\/div>\n\n\n\n<p class=\"has-text-align-center\"><strong>Namenlijst<\/strong> van auteurs over de <em>Napoleontische periode<\/em>, veelal niet vermeld in de bovenstaande literatuurlijst (deze zal nog aangevuld worden):<\/p>\n\n\n\n<div data-wp-interactive=\"core\/file\" class=\"wp-block-file\"><object data-wp-bind--hidden=\"!state.hasPdfPreview\" hidden class=\"wp-block-file__embed\" data=\"https:\/\/napoleon.wboelen.be\/wp-content\/uploads\/2024\/11\/Auteurs01.pdf\" type=\"application\/pdf\" style=\"width:100%;height:600px\" aria-label=\"Insluiting van Auteurs01.\"><\/object><a id=\"wp-block-file--media-00a6c9d1-8f38-48c6-b7ca-ddbedc2d483c\" href=\"https:\/\/napoleon.wboelen.be\/wp-content\/uploads\/2024\/11\/Auteurs01.pdf\">Auteurs01<\/a><a href=\"https:\/\/napoleon.wboelen.be\/wp-content\/uploads\/2024\/11\/Auteurs01.pdf\" class=\"wp-block-file__button wp-element-button\" download aria-describedby=\"wp-block-file--media-00a6c9d1-8f38-48c6-b7ca-ddbedc2d483c\">Downloaden<\/a><\/div>\n\n\n\n<p>Korte bespreking van de uitgeverij <strong>M\u00e9moire &amp; Documents <\/strong>en twee van diens Napoleontische uitgaven: <em>Hommes de chevaux sous le Second Empire<\/em> (Napol\u00e9on III) en <em>Les Napol\u00e9onides, l\u2019Album des Bonaparte<\/em>. [Door Jean-Claude Damamme.]<\/p>\n\n\n\n<div data-wp-interactive=\"core\/file\" class=\"wp-block-file\"><object data-wp-bind--hidden=\"!state.hasPdfPreview\" hidden class=\"wp-block-file__embed\" data=\"https:\/\/napoleon.wboelen.be\/wp-content\/uploads\/2025\/03\/memodocdamamme4.pdf\" type=\"application\/pdf\" style=\"width:100%;height:600px\" aria-label=\"Insluiting van memodocdamamme4.\"><\/object><a id=\"wp-block-file--media-4fc7f091-a51b-4a5d-96c8-d0d04d94bbf3\" href=\"https:\/\/napoleon.wboelen.be\/wp-content\/uploads\/2025\/03\/memodocdamamme4.pdf\">memodocdamamme4<\/a><a href=\"https:\/\/napoleon.wboelen.be\/wp-content\/uploads\/2025\/03\/memodocdamamme4.pdf\" class=\"wp-block-file__button wp-element-button\" download aria-describedby=\"wp-block-file--media-4fc7f091-a51b-4a5d-96c8-d0d04d94bbf3\">Downloaden<\/a><\/div>\n\n\n\n<p class=\"has-text-align-center\"><strong>***<\/strong><\/p>\n\n\n\n<figure class=\"wp-block-image aligncenter size-large\"><img loading=\"lazy\" decoding=\"async\" width=\"1024\" height=\"739\" src=\"https:\/\/napoleon.wboelen.be\/wp-content\/uploads\/2025\/03\/43-1024x739.jpg\" alt=\"\" class=\"wp-image-2932\" srcset=\"https:\/\/napoleon.wboelen.be\/wp-content\/uploads\/2025\/03\/43-1024x739.jpg 1024w, https:\/\/napoleon.wboelen.be\/wp-content\/uploads\/2025\/03\/43-300x216.jpg 300w, https:\/\/napoleon.wboelen.be\/wp-content\/uploads\/2025\/03\/43-768x554.jpg 768w, https:\/\/napoleon.wboelen.be\/wp-content\/uploads\/2025\/03\/43.jpg 1184w\" sizes=\"auto, (max-width: 1024px) 100vw, 1024px\" \/><figcaption class=\"wp-element-caption\"><em>Napoleon leest voor aan zijn zoon, de Koning van Rome (Napoleon II), in de periode  tussen maart 1811 en januari 1814<\/em>.<\/figcaption><\/figure>\n\n\n\n<p><\/p>\n\n\n\n<p class=\"has-text-align-center\">***<\/p>\n\n\n<ol class=\"wp-block-footnotes\"><li id=\"57bed362-ae8c-42ae-8c04-c49e2cc2903d\">De favoriete boeken over Napoleon van <em><strong>Christopher Lannes<\/strong><\/em>: <a href=\"https:\/\/www.youtube.com\/watch?v=NTAWu39Xkdw\">https:\/\/www.youtube.com\/watch?v=NTAWu39Xkdw<\/a>. <a href=\"#57bed362-ae8c-42ae-8c04-c49e2cc2903d-link\" aria-label=\"Ga naar voetnoot referentie 1\">\u21a9\ufe0e<\/a><\/li><\/ol>\n\n\n<p><\/p>\n","protected":false},"excerpt":{"rendered":"<p>* De volgende literatuurlijst bevat een overzicht van de boeken &#8211; over het Napoleontische tijdperk &#8211; die sterk aangeraden worden door Jean-Claude Damamme, Bert de Jong, Michel Franceschi, John Tarttelin en Tim Van Dyck. Ook alle boeken die door de International Napoleonic Society (INS) \/ Soci\u00e9t\u00e9 Napol\u00e9onienne Internationale (SNI) werden onderscheiden, zijn in de lijst &hellip;<\/p>\n<p class=\"read-more\"> <a class=\"\" href=\"https:\/\/napoleon.wboelen.be\/index.php\/auteurs-boeken-suggesties\/\"> <span class=\"screen-reader-text\">Auteurs &amp; boeken, suggesties<\/span> Lees meer &raquo;<\/a><\/p>\n","protected":false},"author":2,"featured_media":0,"parent":0,"menu_order":0,"comment_status":"closed","ping_status":"closed","template":"","meta":{"site-sidebar-layout":"default","site-content-layout":"","ast-site-content-layout":"","site-content-style":"default","site-sidebar-style":"default","ast-global-header-display":"","ast-banner-title-visibility":"","ast-main-header-display":"","ast-hfb-above-header-display":"","ast-hfb-below-header-display":"","ast-hfb-mobile-header-display":"","site-post-title":"","ast-breadcrumbs-content":"","ast-featured-img":"","footer-sml-layout":"","theme-transparent-header-meta":"","adv-header-id-meta":"","stick-header-meta":"","header-above-stick-meta":"","header-main-stick-meta":"","header-below-stick-meta":"","astra-migrate-meta-layouts":"","footnotes":"[{\"content\":\"De favoriete boeken over Napoleon van <em><strong>Christopher Lannes<\/strong><\/em>: <a href=\\\"https:\/\/www.youtube.com\/watch?v=NTAWu39Xkdw\\\">https:\/\/www.youtube.com\/watch?v=NTAWu39Xkdw<\/a>.\",\"id\":\"57bed362-ae8c-42ae-8c04-c49e2cc2903d\"}]"},"class_list":["post-2057","page","type-page","status-publish","hentry"],"_links":{"self":[{"href":"https:\/\/napoleon.wboelen.be\/index.php\/wp-json\/wp\/v2\/pages\/2057","targetHints":{"allow":["GET"]}}],"collection":[{"href":"https:\/\/napoleon.wboelen.be\/index.php\/wp-json\/wp\/v2\/pages"}],"about":[{"href":"https:\/\/napoleon.wboelen.be\/index.php\/wp-json\/wp\/v2\/types\/page"}],"author":[{"embeddable":true,"href":"https:\/\/napoleon.wboelen.be\/index.php\/wp-json\/wp\/v2\/users\/2"}],"replies":[{"embeddable":true,"href":"https:\/\/napoleon.wboelen.be\/index.php\/wp-json\/wp\/v2\/comments?post=2057"}],"version-history":[{"count":15,"href":"https:\/\/napoleon.wboelen.be\/index.php\/wp-json\/wp\/v2\/pages\/2057\/revisions"}],"predecessor-version":[{"id":3439,"href":"https:\/\/napoleon.wboelen.be\/index.php\/wp-json\/wp\/v2\/pages\/2057\/revisions\/3439"}],"wp:attachment":[{"href":"https:\/\/napoleon.wboelen.be\/index.php\/wp-json\/wp\/v2\/media?parent=2057"}],"curies":[{"name":"wp","href":"https:\/\/api.w.org\/{rel}","templated":true}]}}