{"id":1147,"date":"2023-10-13T22:12:29","date_gmt":"2023-10-13T20:12:29","guid":{"rendered":"https:\/\/napoleon.wboelen.be\/?page_id=1147"},"modified":"2025-04-11T17:16:35","modified_gmt":"2025-04-11T15:16:35","slug":"napoleon-1er-et-les-bicentenaires-des-grandes-institutions-de-la-republique","status":"publish","type":"page","link":"https:\/\/napoleon.wboelen.be\/index.php\/napoleon-1er-et-les-bicentenaires-des-grandes-institutions-de-la-republique\/","title":{"rendered":"Napol\u00e9on 1er et les bicentenaires des grandes institutions de la R\u00e9publique (2002) &amp; Napol\u00e9on et les manuels d\u2019histoire (2008)"},"content":{"rendered":"\n<p class=\"has-text-align-center\"><strong><em>Ren\u00e9e Casin<\/em><\/strong><\/p>\n\n\n\n<p class=\"has-text-align-center\">CASIN R., <em>Napol\u00e9on 1er et les bicentenaires des grandes institutions de la R\u00e9publique<\/em>, Monts\u00fbrs, \u00c9ditions R\u00e9siac, 2002, 153p. <\/p>\n\n\n\n<p class=\"has-text-align-center\">Uitgeverij <em>\u00c9ditions R\u00e9siac<\/em>: <a href=\"https:\/\/www.resiac.fr\/\">https:\/\/www.resiac.fr\/<\/a><strong> <\/strong><\/p>\n\n\n\n<p class=\"has-text-align-center\"><a href=\"https:\/\/www.resiac.fr\/histoire\/775-napoleon-1er-et-les-bicentenaires-des-grandes-institutions-de-la-republique.html?search_query=napoleon&amp;results=2\"><strong>https:\/\/www.resiac.fr\/histoire\/775-napoleon-1er-et-les-bicentenaires-des-grandes-institutions-de-la-republique.html?search_query=napoleon&amp;results=2<\/strong><\/a> (<em>boek<\/em>)<\/p>\n\n\n\n<p class=\"has-text-align-center\"><a href=\"https:\/\/www.resiac.fr\/histoire\/8063-lot-histoire-de-renee-casin.html?search_query=renee+casin&amp;results=7\">https:\/\/www.resiac.fr\/histoire\/8063-lot-histoire-de-renee-casin.html?search_query=renee+casin&amp;results=7<\/a> (boeken Ren\u00e9e Casin, <em>geschiedenis<\/em>)<\/p>\n\n\n\n<p class=\"has-text-align-center\">*<\/p>\n\n\n\n<figure class=\"wp-block-image aligncenter size-full\"><img loading=\"lazy\" decoding=\"async\" width=\"800\" height=\"800\" src=\"https:\/\/napoleon.wboelen.be\/wp-content\/uploads\/2023\/09\/napoleon-1er-et-les-bicentenaires-des-grandes-institutions-de-la-republique.jpg\" alt=\"\" class=\"wp-image-622\" srcset=\"https:\/\/napoleon.wboelen.be\/wp-content\/uploads\/2023\/09\/napoleon-1er-et-les-bicentenaires-des-grandes-institutions-de-la-republique.jpg 800w, https:\/\/napoleon.wboelen.be\/wp-content\/uploads\/2023\/09\/napoleon-1er-et-les-bicentenaires-des-grandes-institutions-de-la-republique-300x300.jpg 300w, https:\/\/napoleon.wboelen.be\/wp-content\/uploads\/2023\/09\/napoleon-1er-et-les-bicentenaires-des-grandes-institutions-de-la-republique-150x150.jpg 150w, https:\/\/napoleon.wboelen.be\/wp-content\/uploads\/2023\/09\/napoleon-1er-et-les-bicentenaires-des-grandes-institutions-de-la-republique-768x768.jpg 768w\" sizes=\"auto, (max-width: 800px) 100vw, 800px\" \/><figcaption class=\"wp-element-caption\"><em>Voorkant (omslag) van het boek uit 2002, &#8220;Napol\u00e9on 1er et les bicentenaires des grandes institutions de la R\u00e9publique&#8221;.<\/em><\/figcaption><\/figure>\n\n\n\n<p class=\"has-text-align-center\"><strong>Fragment van de tekst op de achterzijde van het boek <em>Napol\u00e9on 1er et les bicentenaires des grandes institutions de la R\u00e9publique<\/em> (2002):<\/strong><\/p>\n\n\n\n<div data-wp-interactive=\"core\/file\" class=\"wp-block-file\"><object data-wp-bind--hidden=\"!state.hasPdfPreview\" hidden class=\"wp-block-file__embed\" data=\"https:\/\/napoleon.wboelen.be\/wp-content\/uploads\/2023\/10\/Achterzijde2002.pdf\" type=\"application\/pdf\" style=\"width:100%;height:600px\" aria-label=\"Insluiting van Achterzijde2002.\"><\/object><a id=\"wp-block-file--media-286eaaa4-2dc4-4fa4-888e-81621f459413\" href=\"https:\/\/napoleon.wboelen.be\/wp-content\/uploads\/2023\/10\/Achterzijde2002.pdf\">Achterzijde2002<\/a><a href=\"https:\/\/napoleon.wboelen.be\/wp-content\/uploads\/2023\/10\/Achterzijde2002.pdf\" class=\"wp-block-file__button wp-element-button\" download aria-describedby=\"wp-block-file--media-286eaaa4-2dc4-4fa4-888e-81621f459413\">Downloaden<\/a><\/div>\n\n\n\n<p class=\"has-text-align-center\"><strong>Inhoud <em>(Table des Mati\u00e8res)<\/em>:<\/strong><\/p>\n\n\n\n<div data-wp-interactive=\"core\/file\" class=\"wp-block-file\"><object data-wp-bind--hidden=\"!state.hasPdfPreview\" hidden class=\"wp-block-file__embed\" data=\"https:\/\/napoleon.wboelen.be\/wp-content\/uploads\/2023\/10\/Inhoud2002.pdf\" type=\"application\/pdf\" style=\"width:100%;height:600px\" aria-label=\"Insluiting van Inhoud2002.\"><\/object><a id=\"wp-block-file--media-adc60979-eb12-4199-b5fc-91545e3096f8\" href=\"https:\/\/napoleon.wboelen.be\/wp-content\/uploads\/2023\/10\/Inhoud2002.pdf\">Inhoud2002<\/a><a href=\"https:\/\/napoleon.wboelen.be\/wp-content\/uploads\/2023\/10\/Inhoud2002.pdf\" class=\"wp-block-file__button wp-element-button\" download aria-describedby=\"wp-block-file--media-adc60979-eb12-4199-b5fc-91545e3096f8\">Downloaden<\/a><\/div>\n\n\n\n<p>Een aankondiging van het boek:<\/p>\n\n\n\n<p class=\"has-text-align-center\"><a href=\"http:\/\/www.napoleonicsociety.com\/french\/livre_Casin_bicentenaire.htm\">http:\/\/www.napoleonicsociety.com\/french\/livre_Casin_bicentenaire.htm<\/a> (oktober 2002)<\/p>\n\n\n\n<p class=\"has-text-align-left\">Artikel over het boek, door Ren\u00e9e Casin (uit <em>Chr\u00e9tiens Magazine<\/em>):<\/p>\n\n\n\n<p class=\"has-text-align-center\"><a href=\"http:\/\/www.napoleonicsociety.com\/french\/CasinRenee_precis.htm\">http:\/\/www.napoleonicsociety.com\/french\/CasinRenee_precis.htm<\/a> (februari 2003)<\/p>\n\n\n\n<figure class=\"wp-block-image aligncenter size-full\"><img loading=\"lazy\" decoding=\"async\" width=\"480\" height=\"300\" src=\"https:\/\/napoleon.wboelen.be\/wp-content\/uploads\/2024\/06\/ReneeCasin.png\" alt=\"\" class=\"wp-image-1762\" srcset=\"https:\/\/napoleon.wboelen.be\/wp-content\/uploads\/2024\/06\/ReneeCasin.png 480w, https:\/\/napoleon.wboelen.be\/wp-content\/uploads\/2024\/06\/ReneeCasin-300x188.png 300w\" sizes=\"auto, (max-width: 480px) 100vw, 480px\" \/><figcaption class=\"wp-element-caption\"><em>Generaal Bonaparte in Noord-Itali\u00eb (1796), door Ren\u00e9e Casin.<\/em> <em>Naar het origineel geschilderd door Antoine-Jean Gros (1771-1835) met als titel &#8220;Napol\u00e9on au pont d&#8217;Arcole&#8221;. Bonaparte was opperbevelhebber van de Franse strijdkrachten tijdens de eerste Italiaanse Veldtocht, 1796-1797. De Slag bij Arcole vond plaats van 15 tot en met 17 november 1796.<\/em><\/figcaption><\/figure>\n\n\n\n<h2 class=\"wp-block-heading has-text-align-center\">Napol\u00e9on et les manuels d\u2019histoire (2008&amp;1955)<\/h2>\n\n\n\n<p class=\"has-text-align-center\"><strong><em>Ren\u00e9e Casin<\/em><\/strong><\/p>\n\n\n\n<p class=\"has-text-align-center\">CASIN R., <em>Napol\u00e9on et les manuels d\u2019histoire<\/em>, Economica, 2008, 258p. [Herziene uitgave.]<\/p>\n\n\n\n<p class=\"has-text-align-center\">CASIN R., <em>Napol\u00e9on et les manuels d\u2019histoire<\/em>, Parijs, \u00c9ditions Andr\u00e9-Lavaud, 1955.<\/p>\n\n\n\n<p class=\"has-text-align-center\">Uitgeverij \u00c9ditions Economica: <a href=\"https:\/\/www.economica.fr\"><em>https:\/\/www.economica.fr<\/em><\/a><\/p>\n\n\n\n<figure class=\"wp-block-image aligncenter size-full\"><img loading=\"lazy\" decoding=\"async\" width=\"420\" height=\"648\" src=\"https:\/\/napoleon.wboelen.be\/wp-content\/uploads\/2024\/08\/manuels1-1.jpg\" alt=\"\" class=\"wp-image-1986\" srcset=\"https:\/\/napoleon.wboelen.be\/wp-content\/uploads\/2024\/08\/manuels1-1.jpg 420w, https:\/\/napoleon.wboelen.be\/wp-content\/uploads\/2024\/08\/manuels1-1-194x300.jpg 194w\" sizes=\"auto, (max-width: 420px) 100vw, 420px\" \/><figcaption class=\"wp-element-caption\"><em>Voor-en achterkant van de omslag van het boek dat een eerste maal verscheen in 1955 en werd heruitgegeven in 2008, getiteld: \u201cNapol\u00e9on et les manuels d\u2019histoire\u201d.<\/em><\/figcaption><\/figure>\n\n\n\n<figure class=\"wp-block-image aligncenter size-full\"><img loading=\"lazy\" decoding=\"async\" width=\"420\" height=\"671\" src=\"https:\/\/napoleon.wboelen.be\/wp-content\/uploads\/2024\/08\/manuels3.jpg\" alt=\"\" class=\"wp-image-1987\" srcset=\"https:\/\/napoleon.wboelen.be\/wp-content\/uploads\/2024\/08\/manuels3.jpg 420w, https:\/\/napoleon.wboelen.be\/wp-content\/uploads\/2024\/08\/manuels3-188x300.jpg 188w\" sizes=\"auto, (max-width: 420px) 100vw, 420px\" \/><\/figure>\n\n\n\n<p><\/p>\n\n\n\n<p class=\"has-text-align-center\"><strong>Een fragment uit de inleiding <em>(introduction)<\/em> van het boek <em>Napol\u00e9on et les manuels d\u2019histoire<\/em> (1955&amp;2008):<\/strong><\/p>\n\n\n\n<div data-wp-interactive=\"core\/file\" class=\"wp-block-file\"><object data-wp-bind--hidden=\"!state.hasPdfPreview\" hidden class=\"wp-block-file__embed\" data=\"https:\/\/napoleon.wboelen.be\/wp-content\/uploads\/2024\/08\/ReneeCasin2008.pdf\" type=\"application\/pdf\" style=\"width:100%;height:600px\" aria-label=\"Insluiting van Ren\u00e9eCasin2008.\"><\/object><a id=\"wp-block-file--media-b5f5a35c-b5b4-4292-a0d2-ccee7ab2d49b\" href=\"https:\/\/napoleon.wboelen.be\/wp-content\/uploads\/2024\/08\/ReneeCasin2008.pdf\">Ren\u00e9eCasin2008<\/a><a href=\"https:\/\/napoleon.wboelen.be\/wp-content\/uploads\/2024\/08\/ReneeCasin2008.pdf\" class=\"wp-block-file__button wp-element-button\" download aria-describedby=\"wp-block-file--media-b5f5a35c-b5b4-4292-a0d2-ccee7ab2d49b\">Downloaden<\/a><\/div>\n\n\n\n<p class=\"has-text-align-center\"><strong>Aankondiging<\/strong> van het boek:<\/p>\n\n\n\n<p class=\"has-text-align-center\"><a href=\"http:\/\/www.napoleonicsociety.com\/french\/manuelsdhistoire.htm\">http:\/\/www.napoleonicsociety.com\/french\/manuelsdhistoire.htm<\/a><\/p>\n\n\n\n<figure class=\"wp-block-image aligncenter size-full\"><img loading=\"lazy\" decoding=\"async\" width=\"282\" height=\"409\" src=\"https:\/\/napoleon.wboelen.be\/wp-content\/uploads\/2024\/08\/CasinRenee_photo2.jpg\" alt=\"\" class=\"wp-image-1990\" srcset=\"https:\/\/napoleon.wboelen.be\/wp-content\/uploads\/2024\/08\/CasinRenee_photo2.jpg 282w, https:\/\/napoleon.wboelen.be\/wp-content\/uploads\/2024\/08\/CasinRenee_photo2-207x300.jpg 207w\" sizes=\"auto, (max-width: 282px) 100vw, 282px\" \/><figcaption class=\"wp-element-caption\"><em>Ren\u00e9e Casin met de medaille van het \u201cLegion of Merit\/L\u00e9gion du M\u00e9rite\u201c, een onderscheiding van de International Napoleonic Society\/Soci\u00e9t\u00e9 Napol\u00e9onienne Internationale, september 2003.<\/em><\/figcaption><\/figure>\n\n\n\n<p class=\"has-text-align-center\"><\/p>\n","protected":false},"excerpt":{"rendered":"<p>Ren\u00e9e Casin CASIN R., Napol\u00e9on 1er et les bicentenaires des grandes institutions de la R\u00e9publique, Monts\u00fbrs, \u00c9ditions R\u00e9siac, 2002, 153p. Uitgeverij \u00c9ditions R\u00e9siac: https:\/\/www.resiac.fr\/ https:\/\/www.resiac.fr\/histoire\/775-napoleon-1er-et-les-bicentenaires-des-grandes-institutions-de-la-republique.html?search_query=napoleon&amp;results=2 (boek) https:\/\/www.resiac.fr\/histoire\/8063-lot-histoire-de-renee-casin.html?search_query=renee+casin&amp;results=7 (boeken Ren\u00e9e Casin, geschiedenis) * Fragment van de tekst op de achterzijde van het boek Napol\u00e9on 1er et les bicentenaires des grandes institutions de la R\u00e9publique (2002): Inhoud &hellip;<\/p>\n<p class=\"read-more\"> <a class=\"\" href=\"https:\/\/napoleon.wboelen.be\/index.php\/napoleon-1er-et-les-bicentenaires-des-grandes-institutions-de-la-republique\/\"> <span class=\"screen-reader-text\">Napol\u00e9on 1er et les bicentenaires des grandes institutions de la R\u00e9publique (2002) &amp; Napol\u00e9on et les manuels d\u2019histoire (2008)<\/span> Lees meer &raquo;<\/a><\/p>\n","protected":false},"author":2,"featured_media":0,"parent":0,"menu_order":0,"comment_status":"closed","ping_status":"closed","template":"","meta":{"site-sidebar-layout":"default","site-content-layout":"","ast-site-content-layout":"","site-content-style":"default","site-sidebar-style":"default","ast-global-header-display":"","ast-banner-title-visibility":"","ast-main-header-display":"","ast-hfb-above-header-display":"","ast-hfb-below-header-display":"","ast-hfb-mobile-header-display":"","site-post-title":"","ast-breadcrumbs-content":"","ast-featured-img":"","footer-sml-layout":"","theme-transparent-header-meta":"","adv-header-id-meta":"","stick-header-meta":"","header-above-stick-meta":"","header-main-stick-meta":"","header-below-stick-meta":"","astra-migrate-meta-layouts":"","footnotes":""},"class_list":["post-1147","page","type-page","status-publish","hentry"],"_links":{"self":[{"href":"https:\/\/napoleon.wboelen.be\/index.php\/wp-json\/wp\/v2\/pages\/1147","targetHints":{"allow":["GET"]}}],"collection":[{"href":"https:\/\/napoleon.wboelen.be\/index.php\/wp-json\/wp\/v2\/pages"}],"about":[{"href":"https:\/\/napoleon.wboelen.be\/index.php\/wp-json\/wp\/v2\/types\/page"}],"author":[{"embeddable":true,"href":"https:\/\/napoleon.wboelen.be\/index.php\/wp-json\/wp\/v2\/users\/2"}],"replies":[{"embeddable":true,"href":"https:\/\/napoleon.wboelen.be\/index.php\/wp-json\/wp\/v2\/comments?post=1147"}],"version-history":[{"count":18,"href":"https:\/\/napoleon.wboelen.be\/index.php\/wp-json\/wp\/v2\/pages\/1147\/revisions"}],"predecessor-version":[{"id":3225,"href":"https:\/\/napoleon.wboelen.be\/index.php\/wp-json\/wp\/v2\/pages\/1147\/revisions\/3225"}],"wp:attachment":[{"href":"https:\/\/napoleon.wboelen.be\/index.php\/wp-json\/wp\/v2\/media?parent=1147"}],"curies":[{"name":"wp","href":"https:\/\/api.w.org\/{rel}","templated":true}]}}